{"id":203,"date":"2016-08-28T21:52:53","date_gmt":"2016-08-28T19:52:53","guid":{"rendered":"http:\/\/www.amis-musee-faience-quimper.fr\/?page_id=203"},"modified":"2026-01-09T13:36:08","modified_gmt":"2026-01-09T12:36:08","slug":"adherer","status":"publish","type":"page","link":"http:\/\/www.amis-musee-faience-quimper.fr\/index.php\/adherer\/","title":{"rendered":"Adh\u00e9rer"},"content":{"rendered":"\n<p class=\"has-text-align-center\"><em><strong>Vous souhaitez nous rejoindre ?<\/strong><\/em><\/p>\n\n\n\n<p>Vous avez une petit peu de temps libre, un int\u00e9r\u00eat grandissant pour cette belle fa\u00efence ou vous avez des id\u00e9es pour notre association ? N&rsquo;h\u00e9sitez pas \u00e0 nous rejoindre ! Le processus d&rsquo;adh\u00e9sion est tr\u00e8s simple. Il suffit de t\u00e9l\u00e9charger le bulletin d&rsquo;adh\u00e9sion, de le&nbsp;compl\u00e9ter, d&rsquo;y joindre votre ch\u00e8que par courrier&nbsp;\u00e0 l&rsquo;adresse postale de l&rsquo;association. R\u00e8glement possible aussi par virement.<\/p>\n\n\n\n<p class=\"has-text-align-center\"><strong>Tarifs d&rsquo;adh\u00e9sion annuels :<\/strong><br><strong>Membre actif : 35 euros<\/strong><br><strong>Couple : 46 euros<\/strong><br><strong>Membre bienfaiteur : 80 euros et plus<\/strong><\/p>\n\n\n<div class=\"wp-block-image\">\n<figure class=\"aligncenter size-full\"><img loading=\"lazy\" decoding=\"async\" width=\"1024\" height=\"538\" src=\"http:\/\/www.amis-musee-faience-quimper.fr\/wp-content\/uploads\/2024\/07\/Adhesion_2024_Facebook-1024x538-1.jpg\" alt=\"\" class=\"wp-image-8379\" srcset=\"http:\/\/www.amis-musee-faience-quimper.fr\/wp-content\/uploads\/2024\/07\/Adhesion_2024_Facebook-1024x538-1.jpg 1024w, http:\/\/www.amis-musee-faience-quimper.fr\/wp-content\/uploads\/2024\/07\/Adhesion_2024_Facebook-1024x538-1-300x158.jpg 300w, http:\/\/www.amis-musee-faience-quimper.fr\/wp-content\/uploads\/2024\/07\/Adhesion_2024_Facebook-1024x538-1-768x404.jpg 768w, http:\/\/www.amis-musee-faience-quimper.fr\/wp-content\/uploads\/2024\/07\/Adhesion_2024_Facebook-1024x538-1-500x263.jpg 500w\" sizes=\"auto, (max-width: 1024px) 100vw, 1024px\" \/><\/figure>\n<\/div>\n\n\n<p class=\"has-text-align-center\"><strong>Les Amis du Mus\u00e9e et de la Fa\u00efence de Quimper<\/strong><br><strong>14, rue Jean-Baptiste Bousquet<\/strong><br><strong>29000 Quimper<\/strong><br><strong>02 98 90 12 72<\/strong><\/p>\n\n\n\n<p class=\"has-text-align-center\"><em><strong>Association des Amis du Mus\u00e9e et de la Fa\u00efence de Quimper<\/strong><\/em><\/p>\n\n\n\n<p class=\"has-text-align-justify\">En adh\u00e9rant \u00e0 l\u2019association, vous apportez votre soutien au Mus\u00e9e de la Fa\u00efence de Quimper. Vous participerez ainsi \u00e0 une meilleure connaissance et \u00e0 un plus grand rayonnement de la fa\u00efence de Quimper. Vous contribuerez \u00e0 faire d\u00e9couvrir les \u0153uvres des artistes collaborateurs des manufactures, \u00e0 l\u2019enrichissement des collections du mus\u00e9e et \u00e0 la mise en valeur de ce riche patrimoine breton.<\/p>\n\n\n\n<p class=\"has-text-align-justify\">Votre adh\u00e9sion vous permettra de recevoir chaque ann\u00e9e deux bulletins contenant \u00e0 la fois des articles de fond et des informations li\u00e9es \u00e0 l\u2019actualit\u00e9 de la c\u00e9ramique quimp\u00e9roise (nouveaut\u00e9s, ventes aux ench\u00e8res etc.). Vous serez invit\u00e9s au vernissage annuel. Durant toute la saison d\u2019ouverture du mus\u00e9e (d\u2019avril \u00e0 octobre) vous b\u00e9n\u00e9ficierez d\u2019un acc\u00e8s libre aux collections et, sur r\u00e9servation, d&rsquo;un acc\u00e8s \u00e0 la biblioth\u00e8que. Pour finir, vous serez, bien entendu, invit\u00e9s aux diff\u00e9rents \u00e9v\u00e9nements propos\u00e9s par l&rsquo;association (conf\u00e9rences, visite etc.)<\/p>\n\n\n\n<p class=\"has-text-align-center has-black-color has-text-color\"><strong><a href=\"http:\/\/www.amis-musee-faience-quimper.fr\/wp-content\/uploads\/2024\/02\/Adhesion_asso_Amis_2024.pdf\" target=\"_blank\" rel=\"noopener\" title=\"\">Bulletin d&rsquo;adh\u00e9sion<\/a><\/strong><\/p>\n\n\n<div class=\"wp-block-image\">\n<figure class=\"aligncenter size-thumbnail is-resized\"><a href=\"http:\/\/www.amis-musee-faience-quimper.fr\/wp-content\/uploads\/2026\/01\/Adhesion-amis-2026.pdf\" target=\"_blank\" rel=\"noreferrer noopener\"><img loading=\"lazy\" decoding=\"async\" width=\"150\" height=\"150\" src=\"http:\/\/www.amis-musee-faience-quimper.fr\/wp-content\/uploads\/2018\/03\/PDF-150x150.png\" alt=\"t\u00e9l\u00e9chargement d'un document pdf.\" class=\"wp-image-1576\" style=\"object-fit:cover;width:125px;height:125px\" srcset=\"http:\/\/www.amis-musee-faience-quimper.fr\/wp-content\/uploads\/2018\/03\/PDF-150x150.png 150w, http:\/\/www.amis-musee-faience-quimper.fr\/wp-content\/uploads\/2018\/03\/PDF.png 255w\" sizes=\"auto, (max-width: 150px) 100vw, 150px\" \/><\/a><\/figure>\n<\/div>","protected":false},"excerpt":{"rendered":"<p>Vous souhaitez nous rejoindre ? Vous avez une petit peu de temps libre, un int\u00e9r\u00eat grandissant pour cette belle fa\u00efence ou vous avez des id\u00e9es pour notre association ? N&rsquo;h\u00e9sitez pas \u00e0 nous rejoindre ! Le processus d&rsquo;adh\u00e9sion est tr\u00e8s &hellip; <a href=\"http:\/\/www.amis-musee-faience-quimper.fr\/index.php\/adherer\/\">Continuer la lecture <span class=\"meta-nav\">&rarr;<\/span><\/a><\/p>\n","protected":false},"author":1,"featured_media":0,"parent":0,"menu_order":0,"comment_status":"closed","ping_status":"closed","template":"","meta":{"_monsterinsights_skip_tracking":false,"_monsterinsights_sitenote_active":false,"_monsterinsights_sitenote_note":"","_monsterinsights_sitenote_category":0,"jetpack_post_was_ever_published":false,"footnotes":""},"class_list":["post-203","page","type-page","status-publish","hentry"],"aioseo_notices":[],"jetpack_sharing_enabled":true,"jetpack_shortlink":"https:\/\/wp.me\/P8tKLp-3h","_links":{"self":[{"href":"http:\/\/www.amis-musee-faience-quimper.fr\/index.php\/wp-json\/wp\/v2\/pages\/203","targetHints":{"allow":["GET"]}}],"collection":[{"href":"http:\/\/www.amis-musee-faience-quimper.fr\/index.php\/wp-json\/wp\/v2\/pages"}],"about":[{"href":"http:\/\/www.amis-musee-faience-quimper.fr\/index.php\/wp-json\/wp\/v2\/types\/page"}],"author":[{"embeddable":true,"href":"http:\/\/www.amis-musee-faience-quimper.fr\/index.php\/wp-json\/wp\/v2\/users\/1"}],"replies":[{"embeddable":true,"href":"http:\/\/www.amis-musee-faience-quimper.fr\/index.php\/wp-json\/wp\/v2\/comments?post=203"}],"version-history":[{"count":26,"href":"http:\/\/www.amis-musee-faience-quimper.fr\/index.php\/wp-json\/wp\/v2\/pages\/203\/revisions"}],"predecessor-version":[{"id":8585,"href":"http:\/\/www.amis-musee-faience-quimper.fr\/index.php\/wp-json\/wp\/v2\/pages\/203\/revisions\/8585"}],"wp:attachment":[{"href":"http:\/\/www.amis-musee-faience-quimper.fr\/index.php\/wp-json\/wp\/v2\/media?parent=203"}],"curies":[{"name":"wp","href":"https:\/\/api.w.org\/{rel}","templated":true}]}}