{"id":14,"date":"2016-08-17T16:29:23","date_gmt":"2016-08-17T14:29:23","guid":{"rendered":"http:\/\/www.amis-musee-faience-quimper.fr\/?page_id=14"},"modified":"2024-07-08T17:02:13","modified_gmt":"2024-07-08T15:02:13","slug":"les-amis","status":"publish","type":"page","link":"http:\/\/www.amis-musee-faience-quimper.fr\/index.php\/les-amis\/","title":{"rendered":"Les Amis"},"content":{"rendered":"<p style=\"text-align: left;\"><strong>Les Amis du Mus\u00e9e et de la Fa\u00efence de Quimper<\/strong><br \/>\n<em>(association r\u00e9gie par la loi du 1er juillet 1901)<\/em><\/p>\n<p><img loading=\"lazy\" decoding=\"async\" class=\"aligncenter wp-image-8376 size-large\" src=\"http:\/\/www.amis-musee-faience-quimper.fr\/wp-content\/uploads\/2024\/07\/Satuts_Association-1024x538.png\" alt=\"\" width=\"584\" height=\"307\" srcset=\"http:\/\/www.amis-musee-faience-quimper.fr\/wp-content\/uploads\/2024\/07\/Satuts_Association-1024x538.png 1024w, http:\/\/www.amis-musee-faience-quimper.fr\/wp-content\/uploads\/2024\/07\/Satuts_Association-300x158.png 300w, http:\/\/www.amis-musee-faience-quimper.fr\/wp-content\/uploads\/2024\/07\/Satuts_Association-768x403.png 768w, http:\/\/www.amis-musee-faience-quimper.fr\/wp-content\/uploads\/2024\/07\/Satuts_Association-500x263.png 500w, http:\/\/www.amis-musee-faience-quimper.fr\/wp-content\/uploads\/2024\/07\/Satuts_Association.png 1200w\" sizes=\"auto, (max-width: 584px) 100vw, 584px\" \/>L&rsquo;association a pour objet\u00a0:<\/p>\n<ul>\n<li>D\u2019\u0153uvrer \u00e0 la diffusion, \u00e0 la promotion et au d\u00e9veloppement des connaissances sur la fa\u00efence de Quimper, ancienne et contemporaine.<\/li>\n<li>D&rsquo;apporter son concours au d\u00e9veloppement et au rayonnement du Mus\u00e9e de la Fa\u00efence de Quimper (ou tout autre d\u00e9nomination qui pourrait lui \u00eatre substitu\u00e9e), de ses collections et de ses activit\u00e9s.<\/li>\n<li>De soutenir les actions du Mus\u00e9e de la Fa\u00efence de Quimper et de contribuer \u00e0 l&rsquo;enrichissement de ses collections.<\/li>\n<\/ul>\n<p>Moyens d&rsquo;action\u00a0:<\/p>\n<p>Gr\u00e2ce \u00e0 la disponibilit\u00e9 et \u00e0 la motivation de ses membres b\u00e9n\u00e9voles, les moyens de l&rsquo;action de l&rsquo;association sont, notamment\u00a0:<\/p>\n<ul>\n<li>La mise en \u0153uvre d&rsquo;actions p\u00e9dagogiques ou de sensibilisation des publics, notamment des jeunes, sur la Fa\u00efence de Quimper\u00a0;<\/li>\n<li>La collecte documentaire\u00a0;<\/li>\n<li>Le d\u00e9veloppement des \u00e9changes entre les diff\u00e9rents acteurs, collectionneurs ou passionn\u00e9s du monde de la c\u00e9ramique de Quimper\u00a0;<\/li>\n<li>L&rsquo;acquisition d\u2019\u0153uvres destin\u00e9es \u00e0 enrichir les expositions du mus\u00e9e; l&rsquo;encouragement au pr\u00eat d\u2019\u0153uvres \u00e0 titre gracieux par les particuliers\u00a0;<\/li>\n<li>Le soutien et la participation aux diff\u00e9rentes actions en faveur du mus\u00e9e et de la fa\u00efence de Quimper, notamment les expositions organis\u00e9es au sein du mus\u00e9e ou hors les murs\u00a0;<\/li>\n<li>La recherche de financement publics ou priv\u00e9s n\u00e9cessaires \u00e0 la mise en \u0153uvre de ses actions\u00a0;<\/li>\n<li>La recherche de m\u00e9c\u00e8nes\u00a0;<\/li>\n<li>\u00e0 titre tout \u00e0 fait accessoire, la vente, permanente ou occasionnelle, de produits ou services entrant dans le cadre de son objet, ou susceptible de contribuer \u00e0 sa r\u00e9alisation.<\/li>\n<\/ul>\n<p style=\"text-align: center;\"><a href=\"http:\/\/www.amis-musee-faience-quimper.fr\/wp-content\/uploads\/2018\/11\/Statuts_association.pdf\" target=\"_blank\" rel=\"noopener\"><span style=\"color: #000000;\"><strong><span style=\"color: #000000;\">T\u00e9l\u00e9charger les statuts de notre association.<\/span><\/strong><\/span><\/a><a href=\"http:\/\/www.amis-musee-faience-quimper.fr\/wp-content\/uploads\/2018\/11\/Statuts_association.pdf\" target=\"_blank\" rel=\"noopener\"><img loading=\"lazy\" decoding=\"async\" class=\"aligncenter wp-image-1576\" src=\"http:\/\/www.amis-musee-faience-quimper.fr\/wp-content\/uploads\/2018\/03\/PDF-150x150.png\" alt=\"t\u00e9l\u00e9chargement d'un document pdf.\" width=\"100\" height=\"100\" srcset=\"http:\/\/www.amis-musee-faience-quimper.fr\/wp-content\/uploads\/2018\/03\/PDF-150x150.png 150w, http:\/\/www.amis-musee-faience-quimper.fr\/wp-content\/uploads\/2018\/03\/PDF.png 255w\" sizes=\"auto, (max-width: 100px) 100vw, 100px\" \/><\/a><\/p>\n<p style=\"text-align: left;\"><em>Si\u00e8ge social<\/em><br \/>\nLe si\u00e8ge social de l&rsquo;association est fix\u00e9 au 14 rue Jean-Baptiste Bousquet 29000 QUIMPER<\/p>\n<p><iframe loading=\"lazy\" style=\"border: 1px solid black;\" src=\"http:\/\/www.openstreetmap.org\/export\/embed.html?bbox=-4.113937318325044%2C47.98855557919812%2C-4.1107454895973214%2C47.98986960952466&amp;layer=mapnik&amp;marker=47.9892125985435%2C-4.112341403961182\" width=\"425\" height=\"350\" frameborder=\"0\" marginwidth=\"0\" marginheight=\"0\" scrolling=\"no\"><\/iframe><\/p>\n","protected":false},"excerpt":{"rendered":"<p>Les Amis du Mus\u00e9e et de la Fa\u00efence de Quimper (association r\u00e9gie par la loi du 1er juillet 1901) L&rsquo;association a pour objet\u00a0: D\u2019\u0153uvrer \u00e0 la diffusion, \u00e0 la promotion et au d\u00e9veloppement des connaissances sur la fa\u00efence de Quimper, &hellip; <a href=\"http:\/\/www.amis-musee-faience-quimper.fr\/index.php\/les-amis\/\">Continuer la lecture <span class=\"meta-nav\">&rarr;<\/span><\/a><\/p>\n","protected":false},"author":1,"featured_media":0,"parent":0,"menu_order":0,"comment_status":"closed","ping_status":"closed","template":"","meta":{"_monsterinsights_skip_tracking":false,"_monsterinsights_sitenote_active":false,"_monsterinsights_sitenote_note":"","_monsterinsights_sitenote_category":0,"jetpack_post_was_ever_published":false,"footnotes":""},"class_list":["post-14","page","type-page","status-publish","hentry"],"aioseo_notices":[],"jetpack_sharing_enabled":true,"jetpack_shortlink":"https:\/\/wp.me\/P8tKLp-e","_links":{"self":[{"href":"http:\/\/www.amis-musee-faience-quimper.fr\/index.php\/wp-json\/wp\/v2\/pages\/14","targetHints":{"allow":["GET"]}}],"collection":[{"href":"http:\/\/www.amis-musee-faience-quimper.fr\/index.php\/wp-json\/wp\/v2\/pages"}],"about":[{"href":"http:\/\/www.amis-musee-faience-quimper.fr\/index.php\/wp-json\/wp\/v2\/types\/page"}],"author":[{"embeddable":true,"href":"http:\/\/www.amis-musee-faience-quimper.fr\/index.php\/wp-json\/wp\/v2\/users\/1"}],"replies":[{"embeddable":true,"href":"http:\/\/www.amis-musee-faience-quimper.fr\/index.php\/wp-json\/wp\/v2\/comments?post=14"}],"version-history":[{"count":5,"href":"http:\/\/www.amis-musee-faience-quimper.fr\/index.php\/wp-json\/wp\/v2\/pages\/14\/revisions"}],"predecessor-version":[{"id":8377,"href":"http:\/\/www.amis-musee-faience-quimper.fr\/index.php\/wp-json\/wp\/v2\/pages\/14\/revisions\/8377"}],"wp:attachment":[{"href":"http:\/\/www.amis-musee-faience-quimper.fr\/index.php\/wp-json\/wp\/v2\/media?parent=14"}],"curies":[{"name":"wp","href":"https:\/\/api.w.org\/{rel}","templated":true}]}}